{"id":42870,"date":"2022-12-29T14:37:01","date_gmt":"2022-12-29T19:37:01","guid":{"rendered":"https:\/\/boutique.rmmotosport.com\/?post_type=product&#038;p=42870"},"modified":"2026-04-22T07:03:38","modified_gmt":"2026-04-22T11:03:38","slug":"sous-vetement-klim-solstice-3-0-pantalon-noir","status":"publish","type":"product","link":"https:\/\/boutique.rmmotosport.com\/fr\/produit\/sous-vetement-klim-solstice-3-0-pantalon-noir\/","title":{"rendered":"SOUS-V\u00caTEMENT KLIM SOLSTICE 3.0 PANTALON NOIR"},"content":{"rendered":"<h4>Caract\u00e9ristiques :<\/h4>\n<ul>\n<li>Con\u00e7u pour des rendements de haute intensit\u00e9<\/li>\n<li>\u00c9vacue l&rsquo;humidit\u00e9\/respirant<\/li>\n<li>Antimicrobien<\/li>\n<li>Solstice 3.0\u00a0 (plus chaud)<\/li>\n<li>Con\u00e7u sp\u00e9cifiquement et structur\u00e9 sp\u00e9cifiquement pour femmes<\/li>\n<li>Design de couche de base quadrill\u00e9 qui retient la chaleur<\/li>\n<li>Profil bas pour superposition excellente avec encombrement moindre<\/li>\n<li>Con\u00e7u sp\u00e9cifiquement pour la rudesse des sports motoris\u00e9s<\/li>\n<li>Coutures \u00ab imperceptibles \u00bb<\/li>\n<li>96% polyester, 4% \u00e9lasthanne 220 g<\/li>\n<li>Coutures contrast\u00e9es<\/li>\n<li>Antimicrobien<\/li>\n<li>\u00c9vacue l&rsquo;humidit\u00e9<\/li>\n<li>Hautement respirant<\/li>\n<li>S\u00e9chage rapide<\/li>\n<li>Con\u00e7u sp\u00e9cifiquement pour utilisation avec les couches interm\u00e9diaires et les v\u00eatements ext\u00e9rieurs KLIM\u00ae<\/li>\n<\/ul>\n","protected":false},"excerpt":{"rendered":"<p>Caract\u00e9ristiques : Con\u00e7u pour des rendements de haute intensit\u00e9 \u00c9vacue l&rsquo;humidit\u00e9\/respirant Antimicrobien Solstice 3.0\u00a0 (plus chaud) Con\u00e7u sp\u00e9cifiquement et structur\u00e9 sp\u00e9cifiquement pour femmes Design de couche de base quadrill\u00e9 qui retient la chaleur Profil bas pour superposition excellente avec encombrement moindre Con\u00e7u sp\u00e9cifiquement pour la rudesse des sports motoris\u00e9s Coutures \u00ab imperceptibles \u00bb 96% polyester, &hellip; <a href=\"https:\/\/boutique.rmmotosport.com\/fr\/produit\/sous-vetement-klim-solstice-3-0-pantalon-noir\/\">Suite<\/a><\/p>\n","protected":false},"featured_media":42877,"template":"","meta":[],"product-sub-category":[733],"brand":[385],"product-third-category":[],"acf":{"woocommerce_product_size_chart":"https:\/\/boutique.rmmotosport.com\/wp-content\/uploads\/2022\/12\/charte-F-1.jpg"},"_links":{"self":[{"href":"https:\/\/boutique.rmmotosport.com\/fr\/wp-json\/wp\/v2\/product\/42870"}],"collection":[{"href":"https:\/\/boutique.rmmotosport.com\/fr\/wp-json\/wp\/v2\/product"}],"about":[{"href":"https:\/\/boutique.rmmotosport.com\/fr\/wp-json\/wp\/v2\/types\/product"}],"wp:featuredmedia":[{"embeddable":true,"href":"https:\/\/boutique.rmmotosport.com\/fr\/wp-json\/wp\/v2\/media\/42877"}],"wp:attachment":[{"href":"https:\/\/boutique.rmmotosport.com\/fr\/wp-json\/wp\/v2\/media?parent=42870"}],"wp:term":[{"taxonomy":"product-sub-category","embeddable":true,"href":"https:\/\/boutique.rmmotosport.com\/fr\/wp-json\/wp\/v2\/product-sub-category?post=42870"},{"taxonomy":"brand","embeddable":true,"href":"https:\/\/boutique.rmmotosport.com\/fr\/wp-json\/wp\/v2\/brand?post=42870"},{"taxonomy":"product-third-category","embeddable":true,"href":"https:\/\/boutique.rmmotosport.com\/fr\/wp-json\/wp\/v2\/product-third-category?post=42870"}],"curies":[{"name":"wp","href":"https:\/\/api.w.org\/{rel}","templated":true}]}}